{"id":712,"date":"2023-03-23T12:13:32","date_gmt":"2023-03-23T10:13:32","guid":{"rendered":"https:\/\/www.assoletape.org\/?page_id=712"},"modified":"2024-08-05T17:18:33","modified_gmt":"2024-08-05T15:18:33","slug":"expo-virtuelle","status":"publish","type":"page","link":"https:\/\/www.assoletape.org\/?page_id=712","title":{"rendered":"Expo Virtuelle"},"content":{"rendered":"<div  data-label=\"Cta\" data-id=\"cta--1\" data-export-id=\"cta-centered-bg-section\" data-category=\"cta\" data-section-ov=\"1\" class=\"cta-centered-bg-section content-section content-section-spacing-medium white-text\" data-parallax-depth=\"20\" id=\"cta-1\" style=\"background-color: rgb(245, 250, 253); background-size: cover; background-position: center top; background-image: url(&quot;https:\/\/www.assoletape.org\/wp-content\/uploads\/2023\/03\/traces.jpg&quot;);\"><div  class=\"gridContainer\"> <div  class=\"row text-center\"><div  data-type=\"column\" class=\"\"> <h2  class=\"\">Exposition TRACES<\/h2> <p  class=\"lead\" style=\"text-align: center;\">L\u2019objectif de cette exposition est de donner la parole aux enfants par le biais de son choix (dessin, texte, po\u00e8me, illustration, tableau\u2026) et sur le support qu\u2019il\/elle pr\u00e9f\u00e8re (feuille de dessin ou papier, carton, toile\u2026) avec crayons de couleur, feutres, encre, pastels, colle paillet\u00e9e, collage, peinture,\u2026<br ><br >Ils auront la libert\u00e9 de s\u2019exprimer en fonction de leur&nbsp;imagination, leurs \u00e9motions, leurs envies, \u2026<\/p><img  decoding=\"async\" class=\"custom-image\" src=\"https:\/\/www.assoletape.org\/wp-content\/uploads\/2023\/03\/traces_p.jpg\" title=\"traces_p\" alt=\"\"><\/div> <\/div><\/div> <\/div><div  data-label=\"Overlappable\" data-id=\"overlappable--1\" data-export-id=\"overlappable-5\" data-category=\"overlappable\" class=\"overlappable-5 content-section content-section-spacing\" data-overlap=\"true\" id=\"overlappable-1\" style=\"background-color: rgb(255, 255, 255);\"><div  class=\"gridContainer\"> <div  data-type=\"row\" class=\"row shadow-medium bg-color-white\"><div  class=\"col-xs-12 col-sm-4 col-padding col-padding-xs bg-color-white\"> <div  class=\"row middle-sm\"><div  class=\"col-xs-12 col-sm-fit icon-column\"> <i  class=\"fa icon fa-group bordered round color2\"><\/i><\/div> <div  data-type=\"column\" class=\"col-xs-12 col-sm v-spacing\"><h5  class=\"\">A l\u2019attention des Parents<\/h5><\/div> <\/div> <div  class=\"row\"> <div  class=\"col-xs-12 col-sm-12\" data-type=\"column\"> <p  class=\"\">Conditions de participation : chacun des parents, h\u00e9bergeant ET visiteur, doit donner son accord pour que l\u2019enfant participe \u00e0 cette exposition.<\/p> <\/div> <\/div><\/div> <div  class=\"col-xs-12 col-sm-4 col-padding col-padding-xs bg-color-white\"><div  class=\"row middle-sm\"> <div  class=\"col-xs-12 col-sm-fit icon-column\"><i  class=\"fa icon fa-paint-brush bordered round color2\"><\/i><\/div> <div  data-type=\"column\" class=\"col-xs-12 col-sm v-spacing\"><h5  class=\"\">A l\u2019attention des Enfants<\/h5><\/div> <\/div> <div  class=\"row\"> <div  class=\"col-xs-12 col-sm-12\" data-type=\"column\"> <p  class=\"\">Pour r\u00e9aliser mon oeuvre, je peux me poser les questions suivantes :\n<br >\u2013 mon passage \u00e0 l\u2019Etape, me laissera un souvenir, comment l\u2019illustrer ?\n<br >\u2013 que vais-je retenir de ces moments pass\u00e9s \u00e0 l\u2019Etape ?\n<br >\u2013 pour moi, c\u2019est quoi l\u2019Etape ?\n<br >\u2013 etc.\n<br ><br >La seule limite est mon imagination !<\/p> <\/div> <\/div><\/div> <div  class=\"col-xs-12 col-sm-4 col-padding col-padding-xs bg-color-white\"><div  class=\"row middle-sm\"> <div  class=\"col-xs-12 col-sm-fit icon-column\"><i  class=\"fa icon fa-book bordered round color2\"><\/i><\/div> <div  data-type=\"column\" class=\"col-xs-12 col-sm v-spacing\"><h5  class=\"\">Consignes \u00e0 respecter<\/h5><\/div> <\/div> <div  class=\"row\"> <div  class=\"col-xs-12 col-sm-12\" data-type=\"column\"> <p  class=\"\">Initiale du pr\u00e9nom, \u00e2ge et ann\u00e9e en cours seront la signature de l\u2019enfant.<\/p> <\/div> <\/div><\/div> <\/div><\/div> <\/div><div  data-label=\"Gallery\" data-id=\"gallery--1\" data-export-id=\"gallery-1\" data-category=\"gallery\" class=\"gallery-1 content-section content-section-spacing\" id=\"gallery-1\" style=\"background-color: rgb(245, 250, 253);\"><div  class=\"gridContainer\"> <div  class=\"row\"><div  class=\"section-title-col\" data-type=\"column\"> <h2  class=\"\">Mon \u0153uvre est un dessin<\/h2> <\/div> <\/div> <div  class=\"row text-center\"> <div  class=\"col-xs-12\" data-editable=\"true\" data-content-shortcode=\"mesmerize_gallery id=&quot;mesmerize-gallery-1&quot; columns=&quot;4&quot; ids=&quot;716,717,718,719,780,781,861,862&quot; lb=&quot;1&quot; masonry=&quot;1&quot; size=&quot;medium&quot; link=&quot;file&quot; \"><div id='mesmerize-gallery-1' class='gallery-wrapper'><style type=\"text\/css\">\n                    @media only screen and (min-width: 768px) {\n                    [data-unique-id='mesmerize-gallery-1-69d391eb96650'] dl {\n                        float: left;\n                        width: 25% !important;\n                        max-width:  25% !important;\n                        min-width:  25% !important;\n                    }\n\n                    [data-unique-id='mesmerize-gallery-1-69d391eb96650'] dl:nth-of-type(4n +1 ) {\n                      clear: both;\n                      }\n                    }\n                <\/style><div id='mesmerize-gallery-1' class='mesmerize-gallery-1-dls-wrapper gallery-items-wrapper materialis-gallery' data-unique-id='mesmerize-gallery-1-69d391eb96650'><dl class='gallery-item'>\n\t\t\t<dt class='gallery-icon portrait'>\n\t\t\t\t<a data-fancybox=\"mesmerize-gallery-1-group\" href='https:\/\/www.assoletape.org\/wp-content\/uploads\/2023\/03\/Dessin_001.jpg'><img loading=\"lazy\" decoding=\"async\"  width=\"225\" height=\"300\" src=\"https:\/\/www.assoletape.org\/wp-content\/uploads\/2023\/03\/Dessin_001-225x300.jpg\"  class='mesmerize-gallery-1-image' alt=\"\" srcset=\"https:\/\/www.assoletape.org\/wp-content\/uploads\/2023\/03\/Dessin_001-225x300.jpg 225w, https:\/\/www.assoletape.org\/wp-content\/uploads\/2023\/03\/Dessin_001-768x1024.jpg 768w, https:\/\/www.assoletape.org\/wp-content\/uploads\/2023\/03\/Dessin_001-1152x1536.jpg 1152w, https:\/\/www.assoletape.org\/wp-content\/uploads\/2023\/03\/Dessin_001-200x267.jpg 200w, https:\/\/www.assoletape.org\/wp-content\/uploads\/2023\/03\/Dessin_001-1024x1366.jpg 1024w, https:\/\/www.assoletape.org\/wp-content\/uploads\/2023\/03\/Dessin_001-810x1080.jpg 810w, https:\/\/www.assoletape.org\/wp-content\/uploads\/2023\/03\/Dessin_001.jpg 1240w\" sizes=\"auto, (max-width: 225px) 100vw, 225px\" \/><\/a>\n\t\t\t<\/dt><\/dl><dl class='gallery-item'>\n\t\t\t<dt class='gallery-icon portrait'>\n\t\t\t\t<a data-fancybox=\"mesmerize-gallery-1-group\" href='https:\/\/www.assoletape.org\/wp-content\/uploads\/2023\/03\/Dessin_002.jpg'><img loading=\"lazy\" decoding=\"async\"  width=\"280\" height=\"300\" src=\"https:\/\/www.assoletape.org\/wp-content\/uploads\/2023\/03\/Dessin_002-280x300.jpg\"  class='mesmerize-gallery-1-image' alt=\"\" srcset=\"https:\/\/www.assoletape.org\/wp-content\/uploads\/2023\/03\/Dessin_002-280x300.jpg 280w, https:\/\/www.assoletape.org\/wp-content\/uploads\/2023\/03\/Dessin_002-956x1024.jpg 956w, https:\/\/www.assoletape.org\/wp-content\/uploads\/2023\/03\/Dessin_002-768x823.jpg 768w, https:\/\/www.assoletape.org\/wp-content\/uploads\/2023\/03\/Dessin_002-200x214.jpg 200w, https:\/\/www.assoletape.org\/wp-content\/uploads\/2023\/03\/Dessin_002-1024x1097.jpg 1024w, https:\/\/www.assoletape.org\/wp-content\/uploads\/2023\/03\/Dessin_002-1008x1080.jpg 1008w, https:\/\/www.assoletape.org\/wp-content\/uploads\/2023\/03\/Dessin_002.jpg 1240w\" sizes=\"auto, (max-width: 280px) 100vw, 280px\" \/><\/a>\n\t\t\t<\/dt><\/dl><dl class='gallery-item'>\n\t\t\t<dt class='gallery-icon landscape'>\n\t\t\t\t<a data-fancybox=\"mesmerize-gallery-1-group\" href='https:\/\/www.assoletape.org\/wp-content\/uploads\/2023\/03\/Dessin_003.jpg'><img loading=\"lazy\" decoding=\"async\"  width=\"300\" height=\"213\" src=\"https:\/\/www.assoletape.org\/wp-content\/uploads\/2023\/03\/Dessin_003-300x213.jpg\"  class='mesmerize-gallery-1-image' alt=\"\" srcset=\"https:\/\/www.assoletape.org\/wp-content\/uploads\/2023\/03\/Dessin_003-300x213.jpg 300w, https:\/\/www.assoletape.org\/wp-content\/uploads\/2023\/03\/Dessin_003-1024x727.jpg 1024w, https:\/\/www.assoletape.org\/wp-content\/uploads\/2023\/03\/Dessin_003-768x545.jpg 768w, https:\/\/www.assoletape.org\/wp-content\/uploads\/2023\/03\/Dessin_003-1536x1090.jpg 1536w, https:\/\/www.assoletape.org\/wp-content\/uploads\/2023\/03\/Dessin_003-200x142.jpg 200w, https:\/\/www.assoletape.org\/wp-content\/uploads\/2023\/03\/Dessin_003-1522x1080.jpg 1522w, https:\/\/www.assoletape.org\/wp-content\/uploads\/2023\/03\/Dessin_003.jpg 1747w\" sizes=\"auto, (max-width: 300px) 100vw, 300px\" \/><\/a>\n\t\t\t<\/dt><\/dl><dl class='gallery-item'>\n\t\t\t<dt class='gallery-icon landscape'>\n\t\t\t\t<a data-fancybox=\"mesmerize-gallery-1-group\" href='https:\/\/www.assoletape.org\/wp-content\/uploads\/2023\/03\/Dessin_004.jpg'><img loading=\"lazy\" decoding=\"async\"  width=\"300\" height=\"223\" src=\"https:\/\/www.assoletape.org\/wp-content\/uploads\/2023\/03\/Dessin_004-300x223.jpg\"  class='mesmerize-gallery-1-image' alt=\"\" srcset=\"https:\/\/www.assoletape.org\/wp-content\/uploads\/2023\/03\/Dessin_004-300x223.jpg 300w, https:\/\/www.assoletape.org\/wp-content\/uploads\/2023\/03\/Dessin_004-1024x762.jpg 1024w, https:\/\/www.assoletape.org\/wp-content\/uploads\/2023\/03\/Dessin_004-768x571.jpg 768w, https:\/\/www.assoletape.org\/wp-content\/uploads\/2023\/03\/Dessin_004-1536x1143.jpg 1536w, https:\/\/www.assoletape.org\/wp-content\/uploads\/2023\/03\/Dessin_004-200x149.jpg 200w, https:\/\/www.assoletape.org\/wp-content\/uploads\/2023\/03\/Dessin_004-1452x1080.jpg 1452w, https:\/\/www.assoletape.org\/wp-content\/uploads\/2023\/03\/Dessin_004.jpg 1883w\" sizes=\"auto, (max-width: 300px) 100vw, 300px\" \/><\/a>\n\t\t\t<\/dt><\/dl><dl class='gallery-item'>\n\t\t\t<dt class='gallery-icon landscape'>\n\t\t\t\t<a data-fancybox=\"mesmerize-gallery-1-group\" href='https:\/\/www.assoletape.org\/wp-content\/uploads\/2023\/12\/J2023.jpg'><img loading=\"lazy\" decoding=\"async\"  width=\"300\" height=\"210\" src=\"https:\/\/www.assoletape.org\/wp-content\/uploads\/2023\/12\/J2023-300x210.jpg\"  class='mesmerize-gallery-1-image' alt=\"\" srcset=\"https:\/\/www.assoletape.org\/wp-content\/uploads\/2023\/12\/J2023-300x210.jpg 300w, https:\/\/www.assoletape.org\/wp-content\/uploads\/2023\/12\/J2023-1024x715.jpg 1024w, https:\/\/www.assoletape.org\/wp-content\/uploads\/2023\/12\/J2023-768x536.jpg 768w, https:\/\/www.assoletape.org\/wp-content\/uploads\/2023\/12\/J2023-200x140.jpg 200w, https:\/\/www.assoletape.org\/wp-content\/uploads\/2023\/12\/J2023.jpg 1529w\" sizes=\"auto, (max-width: 300px) 100vw, 300px\" \/><\/a>\n\t\t\t<\/dt><\/dl><dl class='gallery-item'>\n\t\t\t<dt class='gallery-icon landscape'>\n\t\t\t\t<a data-fancybox=\"mesmerize-gallery-1-group\" href='https:\/\/www.assoletape.org\/wp-content\/uploads\/2023\/12\/dessin-N.jpg'><img loading=\"lazy\" decoding=\"async\"  width=\"300\" height=\"212\" src=\"https:\/\/www.assoletape.org\/wp-content\/uploads\/2023\/12\/dessin-N-300x212.jpg\"  class='mesmerize-gallery-1-image' alt=\"\" srcset=\"https:\/\/www.assoletape.org\/wp-content\/uploads\/2023\/12\/dessin-N-300x212.jpg 300w, https:\/\/www.assoletape.org\/wp-content\/uploads\/2023\/12\/dessin-N-1024x724.jpg 1024w, https:\/\/www.assoletape.org\/wp-content\/uploads\/2023\/12\/dessin-N-768x543.jpg 768w, https:\/\/www.assoletape.org\/wp-content\/uploads\/2023\/12\/dessin-N-200x142.jpg 200w, https:\/\/www.assoletape.org\/wp-content\/uploads\/2023\/12\/dessin-N.jpg 1200w\" sizes=\"auto, (max-width: 300px) 100vw, 300px\" \/><\/a>\n\t\t\t<\/dt><\/dl><dl class='gallery-item'>\n\t\t\t<dt class='gallery-icon landscape'>\n\t\t\t\t<a data-fancybox=\"mesmerize-gallery-1-group\" href='https:\/\/www.assoletape.org\/wp-content\/uploads\/2024\/08\/dessin20.jpg'><img loading=\"lazy\" decoding=\"async\"  width=\"300\" height=\"218\" src=\"https:\/\/www.assoletape.org\/wp-content\/uploads\/2024\/08\/dessin20-300x218.jpg\"  class='mesmerize-gallery-1-image' alt=\"\" srcset=\"https:\/\/www.assoletape.org\/wp-content\/uploads\/2024\/08\/dessin20-300x218.jpg 300w, https:\/\/www.assoletape.org\/wp-content\/uploads\/2024\/08\/dessin20-1024x745.jpg 1024w, https:\/\/www.assoletape.org\/wp-content\/uploads\/2024\/08\/dessin20-768x559.jpg 768w, https:\/\/www.assoletape.org\/wp-content\/uploads\/2024\/08\/dessin20-1536x1118.jpg 1536w, https:\/\/www.assoletape.org\/wp-content\/uploads\/2024\/08\/dessin20-2048x1491.jpg 2048w, https:\/\/www.assoletape.org\/wp-content\/uploads\/2024\/08\/dessin20-200x146.jpg 200w, https:\/\/www.assoletape.org\/wp-content\/uploads\/2024\/08\/dessin20-1484x1080.jpg 1484w\" sizes=\"auto, (max-width: 300px) 100vw, 300px\" \/><\/a>\n\t\t\t<\/dt><\/dl><dl class='gallery-item'>\n\t\t\t<dt class='gallery-icon landscape'>\n\t\t\t\t<a data-fancybox=\"mesmerize-gallery-1-group\" href='https:\/\/www.assoletape.org\/wp-content\/uploads\/2024\/08\/dessin21.jpg'><img loading=\"lazy\" decoding=\"async\"  width=\"300\" height=\"276\" src=\"https:\/\/www.assoletape.org\/wp-content\/uploads\/2024\/08\/dessin21-300x276.jpg\"  class='mesmerize-gallery-1-image' alt=\"\" srcset=\"https:\/\/www.assoletape.org\/wp-content\/uploads\/2024\/08\/dessin21-300x276.jpg 300w, https:\/\/www.assoletape.org\/wp-content\/uploads\/2024\/08\/dessin21-1024x943.jpg 1024w, https:\/\/www.assoletape.org\/wp-content\/uploads\/2024\/08\/dessin21-768x707.jpg 768w, https:\/\/www.assoletape.org\/wp-content\/uploads\/2024\/08\/dessin21-1536x1414.jpg 1536w, https:\/\/www.assoletape.org\/wp-content\/uploads\/2024\/08\/dessin21-200x184.jpg 200w, https:\/\/www.assoletape.org\/wp-content\/uploads\/2024\/08\/dessin21-1173x1080.jpg 1173w, https:\/\/www.assoletape.org\/wp-content\/uploads\/2024\/08\/dessin21.jpg 1769w\" sizes=\"auto, (max-width: 300px) 100vw, 300px\" \/><\/a>\n\t\t\t<\/dt><\/dl>\n\t\t<\/div>\n<script>(function($){window.MaterialisCaptionsGallery && window.MaterialisCaptionsGallery($('[data-unique-id=\"mesmerize-gallery-1-69d391eb96650\"]'))})(jQuery)<\/script><\/div><\/div><\/div> <\/div><\/div><div  data-label=\"Gallery\" data-id=\"gallery--2\" data-export-id=\"gallery-1\" data-category=\"gallery\" class=\"gallery-1 content-section content-section-spacing\" id=\"gallery-2\" style=\"background-color: rgb(255, 255, 255);\"><div  class=\"gridContainer\"> <div  class=\"row\"><div  class=\"section-title-col\" data-type=\"column\"> <h2  class=\"\">Mon \u0153uvre est un texte<\/h2> <\/div> <\/div> <div  class=\"row text-center\"> <div  class=\"col-xs-12\" data-editable=\"true\" data-content-shortcode=\"mesmerize_gallery id=&quot;mesmerize-gallery-1&quot; columns=&quot;4&quot; ids=&quot;727,728&quot; lb=&quot;1&quot; masonry=&quot;1&quot; size=&quot;medium&quot; link=&quot;file&quot; \"><div id='mesmerize-gallery-1' class='gallery-wrapper'><style type=\"text\/css\">\n                    @media only screen and (min-width: 768px) {\n                    [data-unique-id='mesmerize-gallery-1-69d391eb9858a'] dl {\n                        float: left;\n                        width: 25% !important;\n                        max-width:  25% !important;\n                        min-width:  25% !important;\n                    }\n\n                    [data-unique-id='mesmerize-gallery-1-69d391eb9858a'] dl:nth-of-type(4n +1 ) {\n                      clear: both;\n                      }\n                    }\n                <\/style><div id='mesmerize-gallery-1' class='mesmerize-gallery-1-dls-wrapper gallery-items-wrapper materialis-gallery' data-unique-id='mesmerize-gallery-1-69d391eb9858a'><dl class='gallery-item'>\n\t\t\t<dt class='gallery-icon portrait'>\n\t\t\t\t<a data-fancybox=\"mesmerize-gallery-1-group\" href='https:\/\/www.assoletape.org\/wp-content\/uploads\/2023\/03\/Texte_001.jpg'><img loading=\"lazy\" decoding=\"async\"  width=\"212\" height=\"300\" src=\"https:\/\/www.assoletape.org\/wp-content\/uploads\/2023\/03\/Texte_001-212x300.jpg\"  class='mesmerize-gallery-1-image' alt=\"\" srcset=\"https:\/\/www.assoletape.org\/wp-content\/uploads\/2023\/03\/Texte_001-212x300.jpg 212w, https:\/\/www.assoletape.org\/wp-content\/uploads\/2023\/03\/Texte_001-724x1024.jpg 724w, https:\/\/www.assoletape.org\/wp-content\/uploads\/2023\/03\/Texte_001-768x1087.jpg 768w, https:\/\/www.assoletape.org\/wp-content\/uploads\/2023\/03\/Texte_001-1085x1536.jpg 1085w, https:\/\/www.assoletape.org\/wp-content\/uploads\/2023\/03\/Texte_001-200x283.jpg 200w, https:\/\/www.assoletape.org\/wp-content\/uploads\/2023\/03\/Texte_001-1024x1449.jpg 1024w, https:\/\/www.assoletape.org\/wp-content\/uploads\/2023\/03\/Texte_001-763x1080.jpg 763w, https:\/\/www.assoletape.org\/wp-content\/uploads\/2023\/03\/Texte_001.jpg 1240w\" sizes=\"auto, (max-width: 212px) 100vw, 212px\" \/><\/a>\n\t\t\t<\/dt><\/dl><dl class='gallery-item'>\n\t\t\t<dt class='gallery-icon portrait'>\n\t\t\t\t<a data-fancybox=\"mesmerize-gallery-1-group\" href='https:\/\/www.assoletape.org\/wp-content\/uploads\/2023\/03\/Texte_002.jpg'><img loading=\"lazy\" decoding=\"async\"  width=\"212\" height=\"300\" src=\"https:\/\/www.assoletape.org\/wp-content\/uploads\/2023\/03\/Texte_002-212x300.jpg\"  class='mesmerize-gallery-1-image' alt=\"\" srcset=\"https:\/\/www.assoletape.org\/wp-content\/uploads\/2023\/03\/Texte_002-212x300.jpg 212w, https:\/\/www.assoletape.org\/wp-content\/uploads\/2023\/03\/Texte_002-724x1024.jpg 724w, https:\/\/www.assoletape.org\/wp-content\/uploads\/2023\/03\/Texte_002-768x1087.jpg 768w, https:\/\/www.assoletape.org\/wp-content\/uploads\/2023\/03\/Texte_002-1085x1536.jpg 1085w, https:\/\/www.assoletape.org\/wp-content\/uploads\/2023\/03\/Texte_002-200x283.jpg 200w, https:\/\/www.assoletape.org\/wp-content\/uploads\/2023\/03\/Texte_002-1024x1449.jpg 1024w, https:\/\/www.assoletape.org\/wp-content\/uploads\/2023\/03\/Texte_002-763x1080.jpg 763w, https:\/\/www.assoletape.org\/wp-content\/uploads\/2023\/03\/Texte_002.jpg 1240w\" sizes=\"auto, (max-width: 212px) 100vw, 212px\" \/><\/a>\n\t\t\t<\/dt><\/dl>\n\t\t\t\n\t\t<\/div>\n<script>(function($){window.MaterialisCaptionsGallery && window.MaterialisCaptionsGallery($('[data-unique-id=\"mesmerize-gallery-1-69d391eb9858a\"]'))})(jQuery)<\/script><\/div><\/div><\/div> <\/div><\/div>","protected":false},"excerpt":{"rendered":"<p>Exposition TRACES L\u2019objectif de cette exposition est de donner la parole aux enfants par le biais de son choix (dessin, texte, po\u00e8me, illustration, tableau\u2026) et sur le support qu\u2019il\/elle pr\u00e9f\u00e8re (feuille de dessin ou papier, carton, toile\u2026) avec crayons de couleur, feutres, encre, pastels, colle paillet\u00e9e, collage, peinture,\u2026Ils auront la libert\u00e9 de s\u2019exprimer en fonction&hellip; <br \/> <a class=\"read-more\" href=\"https:\/\/www.assoletape.org\/?page_id=712\">Read more<\/a><\/p>\n","protected":false},"author":1,"featured_media":0,"parent":0,"menu_order":2,"comment_status":"closed","ping_status":"closed","template":"pro\/page-templates\/full-width-page.php","meta":{"footnotes":""},"class_list":["post-712","page","type-page","status-publish","hentry"],"_links":{"self":[{"href":"https:\/\/www.assoletape.org\/index.php?rest_route=\/wp\/v2\/pages\/712","targetHints":{"allow":["GET"]}}],"collection":[{"href":"https:\/\/www.assoletape.org\/index.php?rest_route=\/wp\/v2\/pages"}],"about":[{"href":"https:\/\/www.assoletape.org\/index.php?rest_route=\/wp\/v2\/types\/page"}],"author":[{"embeddable":true,"href":"https:\/\/www.assoletape.org\/index.php?rest_route=\/wp\/v2\/users\/1"}],"replies":[{"embeddable":true,"href":"https:\/\/www.assoletape.org\/index.php?rest_route=%2Fwp%2Fv2%2Fcomments&post=712"}],"version-history":[{"count":9,"href":"https:\/\/www.assoletape.org\/index.php?rest_route=\/wp\/v2\/pages\/712\/revisions"}],"predecessor-version":[{"id":864,"href":"https:\/\/www.assoletape.org\/index.php?rest_route=\/wp\/v2\/pages\/712\/revisions\/864"}],"wp:attachment":[{"href":"https:\/\/www.assoletape.org\/index.php?rest_route=%2Fwp%2Fv2%2Fmedia&parent=712"}],"curies":[{"name":"wp","href":"https:\/\/api.w.org\/{rel}","templated":true}]}}