{"id":60,"date":"2012-08-31T21:23:11","date_gmt":"2012-08-31T19:23:11","guid":{"rendered":"http:\/\/www.assoletape.org\/?page_id=60"},"modified":"2012-11-28T10:51:41","modified_gmt":"2012-11-28T08:51:41","slug":"vos-questions-commentaires","status":"publish","type":"page","link":"https:\/\/www.assoletape.org\/?page_id=60","title":{"rendered":"Vos questions, commentaires &#8230;"},"content":{"rendered":"<p>L&rsquo;Association l&rsquo;\u00c9tape souhaite r\u00e9pondre au mieux, dans le cadre de sa mission, \u00e0 vos demandes et vos souhaits.<\/p>\n<p>Vous pouvez envoyer des messages directement dans la messagerie de l&rsquo;\u00c9tape (\u00e0 <a href=\"mailto:assoletape@yahoo.fr\">assoletape@yahoo.fr<\/a>), ou ins\u00e9rer votre commentaire dans le cadre ci-dessous. Il n&rsquo;appara\u00eetra sur le site (votre accord \u00e9tant tacite) que s&rsquo;il est d&rsquo;un int\u00e9r\u00eat g\u00e9n\u00e9ral ou s&rsquo;il r\u00e9pond utilement \u00e0 une question que d&rsquo;autres personnes peuvent se poser. Pensez \u00e0 utiliser un pseudonyme afin de respecter votre propre confidentialit\u00e9. Merci.<br \/>\nUn \u00ab\u00a0<em>questionnaire de satisfaction<\/em>\u00a0\u00bb sur la mesure du droit de visite et vos \u00e9changes avec l&rsquo;Association vous sera envoy\u00e9 si vous en faites la demande ci-dessous, ou en nous contactant par d&rsquo;autres moyens.<\/p>\n","protected":false},"excerpt":{"rendered":"<p>L&rsquo;Association l&rsquo;\u00c9tape souhaite r\u00e9pondre au mieux, dans le cadre de sa mission, \u00e0 vos demandes et vos souhaits. Vous pouvez envoyer des messages directement dans la messagerie de l&rsquo;\u00c9tape (\u00e0 assoletape@yahoo.fr), ou ins\u00e9rer votre commentaire dans le cadre ci-dessous. Il n&rsquo;appara\u00eetra sur le site (votre accord \u00e9tant tacite) que s&rsquo;il est d&rsquo;un int\u00e9r\u00eat g\u00e9n\u00e9ral ou&hellip; <br \/> <a class=\"read-more\" href=\"https:\/\/www.assoletape.org\/?page_id=60\">Read more<\/a><\/p>\n","protected":false},"author":1,"featured_media":0,"parent":0,"menu_order":20,"comment_status":"open","ping_status":"open","template":"","meta":{"footnotes":""},"class_list":["post-60","page","type-page","status-publish","hentry"],"_links":{"self":[{"href":"https:\/\/www.assoletape.org\/index.php?rest_route=\/wp\/v2\/pages\/60","targetHints":{"allow":["GET"]}}],"collection":[{"href":"https:\/\/www.assoletape.org\/index.php?rest_route=\/wp\/v2\/pages"}],"about":[{"href":"https:\/\/www.assoletape.org\/index.php?rest_route=\/wp\/v2\/types\/page"}],"author":[{"embeddable":true,"href":"https:\/\/www.assoletape.org\/index.php?rest_route=\/wp\/v2\/users\/1"}],"replies":[{"embeddable":true,"href":"https:\/\/www.assoletape.org\/index.php?rest_route=%2Fwp%2Fv2%2Fcomments&post=60"}],"version-history":[{"count":5,"href":"https:\/\/www.assoletape.org\/index.php?rest_route=\/wp\/v2\/pages\/60\/revisions"}],"predecessor-version":[{"id":107,"href":"https:\/\/www.assoletape.org\/index.php?rest_route=\/wp\/v2\/pages\/60\/revisions\/107"}],"wp:attachment":[{"href":"https:\/\/www.assoletape.org\/index.php?rest_route=%2Fwp%2Fv2%2Fmedia&parent=60"}],"curies":[{"name":"wp","href":"https:\/\/api.w.org\/{rel}","templated":true}]}}