{"id":309,"date":"2020-04-01T17:28:36","date_gmt":"2020-04-01T15:28:36","guid":{"rendered":"http:\/\/www.assoletape.org\/?page_id=309"},"modified":"2022-07-06T12:02:20","modified_gmt":"2022-07-06T10:02:20","slug":"mesures-suites-au-confinement","status":"publish","type":"page","link":"https:\/\/www.assoletape.org\/?page_id=309","title":{"rendered":"Sp\u00e9cial COVID"},"content":{"rendered":"<p><em>Les informations ci-dessous ne sont plus d&rsquo;actualit\u00e9, mais nous les conservons \u00e0 titre d&rsquo;information.<\/em><\/p>\n<p>Chers parents,<\/p>\n<p>Cette p\u00e9riode de confinement a sans doute \u00e9t\u00e9 difficile pour la plupart d\u2019entre vous, sachez que toute l\u2019\u00e9quipe de l\u2019\u00c9tape est sensible \u00e0 votre situation.<\/p>\n<p>Les accueils reprennent peu \u00e0 peu, <strong><span style=\"color: #ff6600;\">mais nous restons d\u00e9pendants des consignes officielles, qui peuvent changer au fur et \u00e0 mesure de l&rsquo;\u00e9volution de l&rsquo;\u00e9pid\u00e9mie.<\/span><\/strong>\u00a0Dans tous les cas, nous vous invitons \u00e0 prendre connaissance de la \u00ab\u00a0Charte sanitaire Covid-19\u00a0\u00bb en bas de page.<\/p>\n<p>Nous invitons chacun de vous \u00e0 conserver le lien entre les enfants et les deux parents, car ceci est primordial. Si vous souhaitez garder la confidentialit\u00e9 de vos coordonn\u00e9es, n&rsquo;h\u00e9sitez pas \u00e0 envoyer toutes sortes de messages (\u00e9crits, photos, vid\u00e9os, SMS) \u00e0 l&rsquo;\u00c9tape, sur son mail (<strong><span style=\"color: #ff6600;\">assoletape@yahoo.fr<\/span><\/strong>), le t\u00e9l\u00e9phone (<strong><span style=\"color: #ff6600;\">06 79 98 56 11<\/span><\/strong>) \u2014pour les accueils \u00e0 Avignon, le <strong><span style=\"color: #ff6600;\">06 72 52 53 98<span style=\"color: #000000;\">\u2014<\/span><\/span><\/strong>\u00a0, ou par la poste (Association l&rsquo;\u00c9tape, 26, rue David Guillabert, 84200 Carpentras). Nous les transmettrons sans d\u00e9voiler vos coordonn\u00e9es.<\/p>\n<p>Par ailleurs, le psychologue avec qui l&rsquo;\u00e9quipe travaille r\u00e9guli\u00e8rement, se tient \u00e0 votre disposition, <em>gratuitement<\/em>, pour un soutien et des conseils, au : <strong><span style=\"color: #ff6600;\">06 37 29 64 18<\/span><\/strong>.<\/p>\n<p>Enfin, vous pouvez vous rendre utilement sur le site \u00ab\u00a0<em><span style=\"color: #0000ff;\">monenfant.fr<\/span><\/em>\u00ab\u00a0, qui contient de nombreux conseils, notamment administratifs, ainsi que de nombreuses id\u00e9es d&rsquo;activit\u00e9s destin\u00e9es aux enfants de tous \u00e2ges pour animer leurs journ\u00e9es, en cliquant sur l\u2019onglet \u00ab\u00a0<span style=\"color: #0000ff;\">Je suis un parent<\/span>\u00a0\u00bb puis \u00ab\u00a0<span style=\"color: #0000ff;\">Mes vacances \u00e0 la maison<\/span>\u00a0\u00bb.<\/p>\n<p>Dans tous les cas, n&rsquo;h\u00e9sitez pas \u00e0 joindre l&rsquo; \u00c9tape par t\u00e9l\u00e9phone ou par mail.<\/p>\n<p>Afin de pouvoir recevoir le plus grand nombre de familles possible, tout en r\u00e9duisant le nombre de personnes dans les lieux (afin de pr\u00e9server la distanciation sociale) <strong><span style=\"color: #ff6600;\">le temps de visite est actuellement r\u00e9duit \u00e0 2 heures, en trois tranches d&rsquo;heures : 1) de 9h 30 \u00e0 11h 30. \u00a02) de 13h \u00e0 15h \u00a0 \u00a03) de 15h 30 \u00e0 17h 30<\/span><\/strong>. Cela permettra aux accueillants d&rsquo;effectuer les t\u00e2ches de nettoyage et d\u00e9sinfection entre chaque temps d&rsquo;accueil.<\/p>\n<p>Enfin, nous vous prions de lire attentivement la \u00ab\u00a0<strong><span style=\"color: #ff0000;\">Charte aux parents<\/span><\/strong>\u00a0\u00bb ci-dessous, qui \u00e9mane des institutions de l&rsquo;\u00c9tat. Il vous faudra <strong><span style=\"color: #ff0000;\">soit la signer \u00e0 votre arriv\u00e9e, soit nous envoyer un SMS confirmant l&rsquo;avoir lu et en avoir accept\u00e9 les termes<\/span><\/strong>.<\/p>\n<p><em>Chers parents, <\/em><\/p>\n<p><em>Les conditions du d\u00e9confinement imposent des r\u00e8gles de pr\u00e9caution strictes pour pr\u00e9server la sant\u00e9 de vos enfants, la v\u00f4tre, celle des autres enfants et des accueillants. C\u2019est pourquoi nous vous demandons de prendre connaissance des directives suivantes qui \u00e9manent des institutions de l\u2019\u00c9tat, et <u>dater et signer en fin de document<\/u>. <\/em><\/p>\n<p><span style=\"color: #3366ff;\"><strong>CHARTE SANITAIRE<\/strong> COVID-19 (\u00e0 t\u00e9l\u00e9charge en cliquant : <a href=\"http:\/\/www.assoletape.org\/wp-content\/uploads\/2020\/12\/Charte-parents-0.pdf\">ici<\/a>)<\/span><\/p>\n<p>Pour un droit de visite en toute s\u00e9curit\u00e9, il est imp\u00e9ratif de vous engager \u00e0 respecter l\u2019int\u00e9gralit\u00e9 des consignes donn\u00e9es par l\u2019Etat et cette charte qui reprend les adaptations n\u00e9cessaires en raison de la pand\u00e9mie actuelle :<\/p>\n<ol>\n<li>Il est obligatoire de se munir de cette charte sign\u00e9e avant toute reprise des droits de visite, ou d&rsquo;informer l&rsquo;\u00c9tape par \u00e9crit (mail ou SMS) que vous l&rsquo;avez lue et en acceptez les termes..<\/li>\n<li>Le port de masque \u00e0 usage unique est obligatoire pour les parents et les enfants (selon les indications fix\u00e9es par le Guide minist\u00e9riel Covid-19 \u2013 Services de soutien \u00e0 la parentalit\u00e9), ceux-ci seront apport\u00e9s par les familles.<\/li>\n<li>L\u2019accueil se fait \u00e0 l\u2019ext\u00e9rieur des locaux, de fa\u00e7on individualis\u00e9e. Il vous est demand\u00e9 d\u2019\u00eatre ponctuel afin de limiter les temps d\u2019attente et de ne pas g\u00eaner l\u2019accueil des autres familles. En cas de retard, l\u2019espace de rencontre pourra annuler votre droit de visite pr\u00e9vu si ce retard compromet le d\u00e9roulement des autres droits de visite dans des conditions de s\u00e9curit\u00e9 sanitaire.<\/li>\n<li>Le local ainsi que le mat\u00e9riel mis \u00e0 votre disposition auront \u00e9t\u00e9 nettoy\u00e9s avant votre arriv\u00e9e et apr\u00e8s votre d\u00e9part pour permettre l\u2019accueil de tous dans les meilleures conditions sanitaires.<\/li>\n<li>Avant d\u2019entrer dans les locaux il est obligatoire pour chaque parent et enfant, de se laver les mains avec de la solution hydro alcoolique fournie par l\u2019espace de rencontre.<\/li>\n<li>Si un parent ou l\u2019enfant pr\u00e9sente un sympt\u00f4me \u00e9vocateur du COVID-19, il est de sa responsabilit\u00e9 d\u2019en avertir la structure pour annuler le droit de visite et se rendre chez le m\u00e9decin traitant ou dans un centre de d\u00e9pistage le cas \u00e9ch\u00e9ant.<\/li>\n<li>Les professionnels seront \u00e9quip\u00e9s de masques afin de vous prot\u00e9ger (enfants, parents) et de se prot\u00e9ger eux-m\u00eames.<\/li>\n<li>De la solution hydro alcoolique sera mise \u00e0 votre disposition \u00e0 l\u2019arriv\u00e9e, pendant la visite et avant de repartir. Il vous est demand\u00e9 de vous laver r\u00e9guli\u00e8rement les mains, avant et apr\u00e8s chaque passage aux toilettes ou \u00e0 un changement d\u2019activit\u00e9.<\/li>\n<li>Un espace sp\u00e9cifique vous est r\u00e9serv\u00e9 dans l\u2019espace de rencontre, il vous est demand\u00e9 de le respecter et de ne pas vous d\u00e9placer pendant le temps de la visite.<\/li>\n<li>Les parents am\u00e8nent les jouets et jeux et repartent avec ; ils veilleront \u00e0 les nettoyer juste avant leur utilisation \u00e0 l\u2019espace de rencontre.<\/li>\n<li>Les parents s\u2019engagent \u00e0 respecter les gestes barri\u00e8res et sont garants des gestes barri\u00e8res de leurs enfants. En cas de non-respect, les accueillants pourront \u00eatre amen\u00e9s \u00e0 r\u00e9duire le temps de l\u2019accueil, voire \u00e0 l\u2019interrompre.<\/li>\n<\/ol>\n<p>Chaque parent s\u2019engage \u00e0 respecter la modification des modalit\u00e9s de rencontres au regard des mesures sanitaires impos\u00e9es par le Minist\u00e8re.<\/p>\n<p>Chaque parent s\u2019engage \u00e0 respecter dans son int\u00e9gralit\u00e9 la charte, les gestes barri\u00e8res et de distanciation sociale. En cas de non-respect de ces consignes son droit de visite sera suspendu.<\/p>\n<p>J&rsquo;atteste avoir lu le protocole\/charte et m\u2019engage \u00e0 respecter les gestes barri\u00e8res dans l\u2019int\u00e9r\u00eat de mon enfant ainsi que des autres personnes pr\u00e9sentes dans l\u2019espace de rencontre de l&rsquo;Association l&rsquo;\u00c9tape.<\/p>\n<p>Je soussign\u00e9\/e : (votre nom) \u00a0 \u2026\u2026\u2026\u2026\u2026\u2026\u2026\u2026\u2026\u2026\u2026\u2026\u2026\u2026\u2026\u2026\u2026\u2026\u2026\u2026\u2026<\/p>\n<p>&nbsp;<\/p>\n<p>A &#8230;&#8230;&#8230;&#8230;&#8230;&#8230;&#8230;&#8230;&#8230;. , le&#8230;&#8230;&#8230;&#8230;&#8230;&#8230;&#8230;&#8230;.. Signature :<\/p>\n<p>&nbsp;<\/p>\n","protected":false},"excerpt":{"rendered":"<p>Les informations ci-dessous ne sont plus d&rsquo;actualit\u00e9, mais nous les conservons \u00e0 titre d&rsquo;information. Chers parents, Cette p\u00e9riode de confinement a sans doute \u00e9t\u00e9 difficile pour la plupart d\u2019entre vous, sachez que toute l\u2019\u00e9quipe de l\u2019\u00c9tape est sensible \u00e0 votre situation. Les accueils reprennent peu \u00e0 peu, mais nous restons d\u00e9pendants des consignes officielles, qui&hellip; <br \/> <a class=\"read-more\" href=\"https:\/\/www.assoletape.org\/?page_id=309\">Read more<\/a><\/p>\n","protected":false},"author":1,"featured_media":0,"parent":0,"menu_order":2,"comment_status":"open","ping_status":"closed","template":"","meta":{"footnotes":""},"class_list":["post-309","page","type-page","status-publish","hentry"],"_links":{"self":[{"href":"https:\/\/www.assoletape.org\/index.php?rest_route=\/wp\/v2\/pages\/309","targetHints":{"allow":["GET"]}}],"collection":[{"href":"https:\/\/www.assoletape.org\/index.php?rest_route=\/wp\/v2\/pages"}],"about":[{"href":"https:\/\/www.assoletape.org\/index.php?rest_route=\/wp\/v2\/types\/page"}],"author":[{"embeddable":true,"href":"https:\/\/www.assoletape.org\/index.php?rest_route=\/wp\/v2\/users\/1"}],"replies":[{"embeddable":true,"href":"https:\/\/www.assoletape.org\/index.php?rest_route=%2Fwp%2Fv2%2Fcomments&post=309"}],"version-history":[{"count":21,"href":"https:\/\/www.assoletape.org\/index.php?rest_route=\/wp\/v2\/pages\/309\/revisions"}],"predecessor-version":[{"id":434,"href":"https:\/\/www.assoletape.org\/index.php?rest_route=\/wp\/v2\/pages\/309\/revisions\/434"}],"wp:attachment":[{"href":"https:\/\/www.assoletape.org\/index.php?rest_route=%2Fwp%2Fv2%2Fmedia&parent=309"}],"curies":[{"name":"wp","href":"https:\/\/api.w.org\/{rel}","templated":true}]}}