{"id":15,"date":"2012-08-29T17:46:55","date_gmt":"2012-08-29T15:46:55","guid":{"rendered":"http:\/\/www.assoletape.org\/?page_id=15"},"modified":"2021-12-16T16:51:38","modified_gmt":"2021-12-16T14:51:38","slug":"fonctionnement-de-letape","status":"publish","type":"page","link":"https:\/\/www.assoletape.org\/?page_id=15","title":{"rendered":"Qu&rsquo;est-ce que l&rsquo;\u00c9tape"},"content":{"rendered":"<p>L&rsquo;association l&rsquo;\u00c9tape a \u00e9t\u00e9 fond\u00e9e en 1997. Agr\u00e9\u00e9e par la Pr\u00e9fecture de Vaucluse, labellis\u00e9e par la CAF qui contribue \u00e0 son financement, elle est en outre soutenue par des subventions provenant du Minist\u00e8re de la Justice, par la MSA ainsi que par les municipalit\u00e9s d&rsquo;Avignon et de Carpentras.<\/p>\n<p>Elle est constitu\u00e9e d&rsquo;une \u00e9quipe pluridisciplinaire de plusieurs intervenants professionnels\u00a0(psychologues, travailleurs sociaux, relation d&rsquo;aide\u2026), salari\u00e9s, form\u00e9s aux espaces-rencontres.<\/p>\n<p>La plupart ont une exp\u00e9rience de plusieurs ann\u00e9es au sein de l&rsquo;\u00c9tape.<\/p>\n<p>Notre mission est encadr\u00e9e par le \u00ab\u00a0<em>R\u00e9f\u00e9rentiel National des Espaces de Rencontres Parents-Enfants<\/em>\u00ab\u00a0, (v. <a href=\"https:\/\/www.caf.fr\/partenaires\/vous-accompagnez-la-parentalite\/espaces-de-rencontre\">www.caf.fr\/partenaires\/vous-accompagnez-la-parentalite\/espaces-de-rencontre<\/a>) qui en donne cette d\u00e9finition :<\/p>\n<p>\u00ab\u00a0<em>L\u2019espace de rencontre est un lieu permettant \u00e0 un enfant de rencontrer l\u2019un de ses parents ou un tiers, ou de faire l\u2019objet d\u2019une remise \u00e0 un parent ou \u00e0 un tiers. Il contribue au maintien des relations entre un enfant et ses parents ou un tiers, notamment en assurant la s\u00e9curit\u00e9 physique et morale et la qualit\u00e9 d\u2019accueil des enfants, des parents et des tiers.<\/em><\/p>\n<p><em>L\u2019espace de rencontre propose un lieu<strong>, <\/strong>ext\u00e9rieur au domicile de chacun des parents, pour maintenir, pr\u00e9server ou r\u00e9tablir la relation entre l\u2019enfant et le parent chez qui il ne r\u00e9side pas habituellement ou un tiers (grands-parents ou fratrie, notamment). Le recours \u00e0 l\u2019espace de rencontre est pr\u00e9conis\u00e9 dans les situations o\u00f9 une relation enfant-parents et\/ou l\u2019exercice d\u2019un droit de visite est interrompu, difficile ou conflictuel, y compris dans les situations de violences conjugales.<\/em><\/p>\n<p><em>L\u2019activit\u00e9 de l\u2019espace de rencontre peut \u00eatre li\u00e9e, soit \u00e0 des mesures judiciaires ordonn\u00e9es par un magistrat &#8211; principalement juge aux affaires familiales et juge des enfants &#8211; ou une Cour d\u2019appel, soit \u00e0 des mesures non judiciaires telles que des sollicitations directes des parents ou une orientation par un partenaire &#8211; les services sociaux du conseil g\u00e9n\u00e9ral en particulier.<\/em><\/p>\n<p><em>Cette structure constitue un lieu visant \u00e0 maintenir ou renouer un lien entre un enfant et ses proches parents, notamment lorsque la r\u00e9sidence de l&rsquo;enfant est fix\u00e9e au domicile de l&rsquo;un des parents, dans le cas d\u2019une mesure d\u2019assistance \u00e9ducative ou encore lorsque l\u2019un des parents n\u2019exerce pas l\u2019autorit\u00e9 parentale.<\/em><\/p>\n<p><em><strong>Caract\u00e8re transitoire de l\u2019intervention :<\/strong> Le recours \u00e0 l\u2019espace de rencontre doit conserver un caract\u00e8re temporaire et transitoire, r\u00e9serv\u00e9 a priori aux cas o\u00f9 aucune autre solution n\u2019est envisageable, et \u00eatre tourn\u00e9 vers l\u2019exercice des responsabilit\u00e9s parentales du ou des parents concern\u00e9s. Il doit se situer dans la perspective qu\u2019un jour des rencontres entre les enfants et leurs parents, ou toute autre personne titulaire d&rsquo;un droit de visite, soient possibles sans recourir \u00e0 ce lieu.<\/em>\u00a0\u00bb<\/p>\n<p>Pour visualiser la raison d&rsquo;\u00eatre d&rsquo;un Espace de Rencontre estoc fonctionnement, vous pouvez ouvrir cette petite vid\u00e9o de 3 minutes pr\u00e9par\u00e9 par la F\u00e9d\u00e9ration Fran\u00e7ais des Espaces de Rencontre, en cliquant sur :\u00a0<a href=\"https:\/\/www.youtube.com\/watch?v=B_3ilaCq-7s\">www.youtube.com\/watch?v=B_3ilaCq-7s<\/a><\/p>\n","protected":false},"excerpt":{"rendered":"<p>L&rsquo;association l&rsquo;\u00c9tape a \u00e9t\u00e9 fond\u00e9e en 1997. Agr\u00e9\u00e9e par la Pr\u00e9fecture de Vaucluse, labellis\u00e9e par la CAF qui contribue \u00e0 son financement, elle est en outre soutenue par des subventions provenant du Minist\u00e8re de la Justice, par la MSA ainsi que par les municipalit\u00e9s d&rsquo;Avignon et de Carpentras. Elle est constitu\u00e9e d&rsquo;une \u00e9quipe pluridisciplinaire de&hellip; <br \/> <a class=\"read-more\" href=\"https:\/\/www.assoletape.org\/?page_id=15\">Read more<\/a><\/p>\n","protected":false},"author":1,"featured_media":0,"parent":0,"menu_order":2,"comment_status":"open","ping_status":"closed","template":"template-page-with-intro.php","meta":{"footnotes":""},"class_list":["post-15","page","type-page","status-publish","hentry"],"_links":{"self":[{"href":"https:\/\/www.assoletape.org\/index.php?rest_route=\/wp\/v2\/pages\/15","targetHints":{"allow":["GET"]}}],"collection":[{"href":"https:\/\/www.assoletape.org\/index.php?rest_route=\/wp\/v2\/pages"}],"about":[{"href":"https:\/\/www.assoletape.org\/index.php?rest_route=\/wp\/v2\/types\/page"}],"author":[{"embeddable":true,"href":"https:\/\/www.assoletape.org\/index.php?rest_route=\/wp\/v2\/users\/1"}],"replies":[{"embeddable":true,"href":"https:\/\/www.assoletape.org\/index.php?rest_route=%2Fwp%2Fv2%2Fcomments&post=15"}],"version-history":[{"count":16,"href":"https:\/\/www.assoletape.org\/index.php?rest_route=\/wp\/v2\/pages\/15\/revisions"}],"predecessor-version":[{"id":408,"href":"https:\/\/www.assoletape.org\/index.php?rest_route=\/wp\/v2\/pages\/15\/revisions\/408"}],"wp:attachment":[{"href":"https:\/\/www.assoletape.org\/index.php?rest_route=%2Fwp%2Fv2%2Fmedia&parent=15"}],"curies":[{"name":"wp","href":"https:\/\/api.w.org\/{rel}","templated":true}]}}